{"id":18,"date":"2026-01-26T19:07:46","date_gmt":"2026-01-26T19:07:46","guid":{"rendered":"https:\/\/domaineencoudon.fr\/?page_id=18"},"modified":"2026-04-06T09:07:57","modified_gmt":"2026-04-06T09:07:57","slug":"contact","status":"publish","type":"page","link":"https:\/\/domaineencoudon.fr\/index.php\/contact\/","title":{"rendered":"Contact"},"content":{"rendered":"\t\t<div data-elementor-type=\"wp-page\" data-elementor-id=\"18\" class=\"elementor elementor-18\">\n\t\t\t\t<div class=\"elementor-element elementor-element-3f66a6d e-flex e-con-boxed e-con e-parent\" data-id=\"3f66a6d\" data-element_type=\"container\" data-settings=\"{&quot;background_background&quot;:&quot;classic&quot;}\">\n\t\t\t\t\t<div class=\"e-con-inner\">\n\t\t\t\t<div class=\"elementor-element elementor-element-1699a60 elementor-widget elementor-widget-html\" data-id=\"1699a60\" data-element_type=\"widget\" data-widget_type=\"html.default\">\n\t\t\t\t\t<link href=\"https:\/\/fonts.googleapis.com\/css2?family=Playfair+Display:ital,wght@0,400;0,700;1,400&family=Lato:wght@300;400;700&display=swap\" rel=\"stylesheet\">\r\n\r\n<style>\r\n    \/* 1. REGLAGES DE BASE *\/\r\n    body {\r\n        font-family: 'Lato', sans-serif;\r\n        background-color: #F4F1EA; \r\n        margin: 0;\r\n    }\r\n    \r\n    h1, h2, h3 {\r\n        font-family: 'Playfair Display', serif; \r\n    }\r\n\r\n    \/* 2. LE MENU (BANDEAU) *\/\r\n    .custom-navbar {\r\n        position: fixed; \r\n        top: 0;\r\n        left: 0;\r\n        width: 100%;\r\n        height: 80px;\r\n        background-color: #F4F1EA; \r\n        box-shadow: 0 2px 10px rgba(0,0,0,0.6);\r\n        display: flex;\r\n        justify-content: space-between;\r\n        align-items: center;\r\n        padding: 0 40px;\r\n        box-sizing: border-box;\r\n        z-index: 9999;\r\n        transition: transform 0.4s ease-in-out; \r\n    }\r\n\r\n    .custom-navbar.nav-hidden {\r\n        transform: translateY(-100%); \r\n    }\r\n\r\n    \/* STYLE POUR LE LOGO IMAGE *\/\r\n    .nav-logo {\r\n        display: flex;\r\n        align-items: center;\r\n        height: 100%; \r\n        text-decoration: none;\r\n    }\r\n\r\n    .nav-logo img {\r\n        max-height: 65px; \r\n        width: auto; \r\n        object-fit: contain;\r\n        transition: transform 0.3s ease; \r\n    }\r\n\r\n    .nav-logo img:hover {\r\n        transform: scale(1.03); \r\n    }\r\n\r\n    \/* STYLE DES LIENS DU MENU (Ordinateur) *\/\r\n    .nav-links {\r\n        display: flex;\r\n        gap: 20px;\r\n        align-items: center;\r\n    }\r\n\r\n    .nav-btn {\r\n        font-family: 'Lato', sans-serif; \r\n        text-decoration: none;\r\n        color: #333; \r\n        font-weight: 500;\r\n        text-transform: uppercase;\r\n        font-size: 0.85rem;\r\n        letter-spacing: 1px;\r\n        padding: 10px 15px;\r\n        transition: color 0.3s, background-color 0.3s;\r\n    }\r\n\r\n    .nav-btn:hover {\r\n        color: #E2725B; \r\n    }\r\n\r\n    .nav-btn-cta {\r\n        background-color: #556B2F; \r\n        color: white !important;\r\n        border-radius: 2px;\r\n        padding: 10px 20px;\r\n    }\r\n    \r\n    .nav-btn-cta:hover {\r\n        background-color: #3e4f22; \r\n        color: white !important;\r\n    }\r\n\r\n    \/* BOUTON BURGER (Cach\u00e9 sur ordinateur) *\/\r\n    .menu-burger {\r\n        display: none;\r\n        flex-direction: column;\r\n        justify-content: space-around;\r\n        width: 30px;\r\n        height: 24px;\r\n        background: transparent;\r\n        border: none;\r\n        cursor: pointer;\r\n        padding: 0;\r\n        z-index: 10000;\r\n    }\r\n\r\n    .menu-burger span {\r\n        width: 30px;\r\n        height: 2px;\r\n        background: #333; \r\n        transition: all 0.3s linear;\r\n        position: relative;\r\n        transform-origin: 1px;\r\n    }\r\n\r\n    \/* ANIMATION DU BURGER EN CROIX *\/\r\n    .menu-burger.ouvert span:first-child { transform: rotate(45deg); }\r\n    .menu-burger.ouvert span:nth-child(2) { opacity: 0; transform: translateX(20px); }\r\n    .menu-burger.ouvert span:nth-child(3) { transform: rotate(-45deg); }\r\n\r\n    \/* GESTION DES MOBILES (Smartphones) *\/\r\n    @media (max-width: 768px) {\r\n        .custom-navbar { \r\n            padding: 0 15px; \r\n            height: 60px; \r\n        }\r\n        \r\n        .nav-logo img { \r\n            max-height: 45px; \r\n        }\r\n\r\n        \/* On affiche le bouton burger *\/\r\n        .menu-burger { \r\n            display: flex; \r\n        }\r\n\r\n        \/* Le menu devient un panneau lat\u00e9ral cach\u00e9 \u00e0 droite *\/\r\n        .nav-links { \r\n            position: fixed;\r\n            top: 60px; \/* Commence sous le menu *\/\r\n            right: -100%; \/* Cach\u00e9 hors \u00e9cran *\/\r\n            width: 100%;\r\n            height: calc(100vh - 60px);\r\n            background-color: #F4F1EA;\r\n            flex-direction: column;\r\n            justify-content: flex-start;\r\n            padding-top: 40px;\r\n            transition: right 0.4s ease-in-out;\r\n            box-shadow: -2px 5px 10px rgba(0,0,0,0.1);\r\n        }\r\n\r\n        \/* Classe ajout\u00e9e par Javascript pour faire entrer le menu *\/\r\n        .nav-links.actif {\r\n            right: 0;\r\n        }\r\n\r\n        \/* Style des liens sur mobile *\/\r\n        .nav-btn {\r\n            font-size: 1.2rem;\r\n            padding: 15px 0;\r\n            width: 80%;\r\n            text-align: center;\r\n            border-bottom: 1px solid rgba(0,0,0,0.05);\r\n        }\r\n        \r\n        .nav-btn-cta {\r\n            margin-top: 20px;\r\n            width: auto;\r\n        }\r\n    }\r\n\r\n<\/style>\r\n\r\n<nav class=\"custom-navbar\" id=\"autoHideNav\">\r\n    <a href=\"https:\/\/domaineencoudon.fr\/index.php\/accueil\/\" class=\"nav-logo\">\r\n        <img decoding=\"async\" src=\"http:\/\/domaineencoudon.fr\/wp-content\/uploads\/2026\/03\/image-removebg-preview.png\" alt=\"Logo Domaine en Coudon\">\r\n    <\/a> \r\n    \r\n    <button class=\"menu-burger\" id=\"btnBurger\" aria-label=\"Menu\">\r\n        <span><\/span>\r\n        <span><\/span>\r\n        <span><\/span>\r\n    <\/button>\r\n    \r\n    <div class=\"nav-links\" id=\"menuLiens\">\r\n        <a href=\"https:\/\/domaineencoudon.fr\/index.php\/accueil\/\" class=\"nav-btn\">Accueil<\/a>\r\n        <a href=\"https:\/\/domaineencoudon.fr\/index.php\/photos\/\" class=\"nav-btn\">Le G\u00eete<\/a>\r\n        <a href=\"https:\/\/domaineencoudon.fr\/index.php\/alentours\/\" class=\"nav-btn\">Alentours<\/a>\r\n        <a href=\"https:\/\/domaineencoudon.fr\/index.php\/contact\/\" class=\"nav-btn\">Contact<\/a>\r\n        <a href=\"https:\/\/domaineencoudon.fr\/index.php\/reserver\/\" class=\"nav-btn nav-btn-cta\">R\u00e9server<\/a>\r\n    <\/div>\r\n<\/nav>\r\n\r\n<script>\r\n    \/\/ 1. Gestion du menu cach\u00e9 au d\u00e9filement\r\n    let dernierePositionScroll = 0;\r\n    \r\n    window.addEventListener('scroll', function() {\r\n        var navbar = document.getElementById('autoHideNav');\r\n        let positionActuelleScroll = window.scrollY;\r\n\r\n        \/\/ On ne cache pas le menu si le panneau burger est ouvert\r\n        if (!document.getElementById('menuLiens').classList.contains('actif')) {\r\n            if (positionActuelleScroll > 100 && positionActuelleScroll > dernierePositionScroll) {\r\n                navbar.classList.add('nav-hidden'); \r\n            } else {\r\n                navbar.classList.remove('nav-hidden'); \r\n            }\r\n        }\r\n        dernierePositionScroll = positionActuelleScroll;\r\n    });\r\n\r\n    \/\/ 2. Gestion du Menu Burger Mobile\r\n    const btnBurger = document.getElementById('btnBurger');\r\n    const menuLiens = document.getElementById('menuLiens');\r\n\r\n    btnBurger.addEventListener('click', () => {\r\n        btnBurger.classList.toggle('ouvert');\r\n        menuLiens.classList.toggle('actif');\r\n    });\r\n<\/script>\t\t\t\t<\/div>\n\t\t\t\t\t<\/div>\n\t\t\t\t<\/div>\n\t\t<div class=\"elementor-element elementor-element-54865f3 e-flex e-con-boxed e-con e-parent\" data-id=\"54865f3\" data-element_type=\"container\" data-settings=\"{&quot;background_background&quot;:&quot;classic&quot;}\">\n\t\t\t\t\t<div class=\"e-con-inner\">\n\t\t\t\t<div class=\"elementor-element elementor-element-e8f4161 elementor-widget elementor-widget-html\" data-id=\"e8f4161\" data-element_type=\"widget\" data-widget_type=\"html.default\">\n\t\t\t\t\t<link href=\"https:\/\/fonts.googleapis.com\/css2?family=Playfair+Display:ital,wght@0,400;0,700;1,400&family=Lato:wght@300;400;500;700&display=swap\" rel=\"stylesheet\">\r\n\r\n<style>\r\n    \/* =========================================\r\n       POLICES ET COULEURS DE BASE\r\n       ========================================= *\/\r\n    body {\r\n        font-family: 'Lato', sans-serif;\r\n        background-color: #FFFFFF; \r\n        margin: 0;\r\n        color: #444;\r\n    }\r\n\r\n    h1, h2, h3, h4 {\r\n        font-family: 'Playfair Display', serif;\r\n        color: #556B2F; \r\n        font-weight: normal;\r\n        margin-top: 0;\r\n    }\r\n\r\n    \/* =========================================\r\n       SECTION 1 : INFORMATIONS PRATIQUES\r\n       ========================================= *\/\r\n    .infos-section {\r\n        max-width: 1200px;\r\n        margin: 0 auto;\r\n        padding: 40px 20px 90px 20px; \/* Paddings r\u00e9duits *\/\r\n    }\r\n\r\n    .infos-header {\r\n        text-align: center;\r\n        margin-bottom: 40px; \/* Marge r\u00e9duite *\/\r\n    }\r\n\r\n    .infos-header h1 {\r\n        font-size: 2.8rem;\r\n        margin-bottom: 15px;\r\n    }\r\n\r\n    .infos-separateur {\r\n        width: 50px;\r\n        height: 2px;\r\n        background-color: #E2725B; \r\n        margin: 0 auto;\r\n    }\r\n\r\n    .infos-grid {\r\n        display: grid;\r\n        grid-template-columns: repeat(auto-fit, minmax(300px, 1fr));\r\n        gap: 30px; \/* \u00c9cart r\u00e9duit entre les cartes *\/\r\n    }\r\n\r\n    .info-card {\r\n        border-top: 2px solid #556B2F; \r\n        padding-top: 15px; \/* Espace r\u00e9duit au-dessus du texte *\/\r\n    }\r\n\r\n    .info-card h4 {\r\n        font-family: 'Lato', sans-serif;\r\n        font-size: 0.9rem;\r\n        text-transform: uppercase;\r\n        letter-spacing: 1.5px;\r\n        color: #888; \r\n        margin-bottom: 5px; \/* Marge r\u00e9duite *\/\r\n    }\r\n\r\n    .info-card p {\r\n        font-size: 1.1rem;\r\n        line-height: 1.5; \/* Interligne l\u00e9g\u00e8rement r\u00e9duit *\/\r\n        color: #333;\r\n        margin: 0;\r\n    }\r\n\r\n    \/* =========================================\r\n       SECTION 2 : CONTACT ET CARTE \r\n       ========================================= *\/\r\n    .contact-container {\r\n        max-width: 1100px;\r\n        margin: -50px auto 40px auto; \/* Chevauchement et marge inf\u00e9rieure r\u00e9duits *\/\r\n        display: flex;\r\n        flex-wrap: wrap;\r\n        box-shadow: 0 15px 40px rgba(0,0,0,0.06); \r\n        border-radius: 8px;\r\n        overflow: hidden; \r\n        position: relative;\r\n        z-index: 10; \r\n        background-color: #F4F1EA; \r\n    }\r\n\r\n    .contact-details {\r\n        flex: 1 1 400px; \r\n        padding: 40px 40px; \/* Paddings int\u00e9rieurs r\u00e9duits *\/\r\n    }\r\n\r\n    .contact-details h2 {\r\n        font-size: 2.2rem;\r\n        margin-bottom: 10px;\r\n    }\r\n\r\n    .contact-intro {\r\n        margin-bottom: 30px; \/* Marge r\u00e9duite *\/\r\n        line-height: 1.5;\r\n        color: #555;\r\n        font-size: 1.1rem;\r\n    }\r\n\r\n    .contact-block {\r\n        margin-bottom: 25px; \/* Marge r\u00e9duite *\/\r\n    }\r\n\r\n    .contact-block h4 {\r\n        font-family: 'Lato', sans-serif;\r\n        font-size: 0.85rem;\r\n        text-transform: uppercase;\r\n        letter-spacing: 2px;\r\n        color: #888;\r\n        margin: 0 0 5px 0;\r\n    }\r\n\r\n    .contact-block p, \r\n    .contact-block a {\r\n        font-size: 1.25rem;\r\n        color: #333;\r\n        text-decoration: none;\r\n        margin: 0;\r\n        font-weight: 500;\r\n        display: block;\r\n    }\r\n\r\n    .contact-block a:hover {\r\n        color: #E2725B; \r\n    }\r\n\r\n    .map-container {\r\n        flex: 1 1 400px;\r\n        min-height: 100%; \r\n        position: relative;\r\n    }\r\n\r\n    .map-frame {\r\n        width: 100%;\r\n        height: 100%;\r\n        min-height: 400px; \/* Hauteur minimale r\u00e9duite *\/\r\n        border: 0;\r\n        display: block;\r\n    }\r\n\r\n    \/* GESTION MOBILE *\/\r\n    @media (max-width: 900px) {\r\n        .infos-section { padding: 30px 20px 60px 20px; }\r\n        .contact-container { margin: -30px 20px 30px 20px; } \r\n        .contact-details { padding: 30px 20px; }\r\n        .map-frame { min-height: 300px; }\r\n    }\r\n<\/style>\r\n\r\n<div class=\"infos-section\">\r\n    <div class=\"infos-header\">\r\n        <h1>Informations pratiques<\/h1>\r\n        <div class=\"infos-separateur\"><\/div>\r\n    <\/div>\r\n\r\n    <div class=\"infos-grid\">\r\n        <div class=\"info-card\">\r\n            <h4>Inclus dans le tarif<\/h4>\r\n            <p>M\u00e9nage de fin de s\u00e9jour, eau, \u00e9lectricit\u00e9, chauffage, climatisation et taxes diverses.<\/p>\r\n        <\/div>\r\n\r\n        <div class=\"info-card\">\r\n            <h4>Arriv\u00e9es & D\u00e9parts<\/h4>\r\n            <p><strong>Arriv\u00e9e :<\/strong> Vendredi ou Samedi \u00e0 16h.<br><strong>D\u00e9part :<\/strong> Samedi ou Dimanche \u00e0 10h.<\/p>\r\n        <\/div>\r\n\r\n        <div class=\"info-card\">\r\n            <h4>Langues parl\u00e9es<\/h4>\r\n            <p>Fran\u00e7ais, Espagnol, Anglais, Allemand.<\/p>\r\n        <\/div>\r\n\r\n        <div class=\"info-card\">\r\n            <h4>Pour les plus petits<\/h4>\r\n            <p>Mise \u00e0 disposition gratuite d'un lit b\u00e9b\u00e9 pliant et d'une chaise haute.<\/p>\r\n        <\/div>\r\n\r\n        <div class=\"info-card\">\r\n            <h4>Nos amis les animaux<\/h4>\r\n            <p>Nous partageons le domaine avec 2 adorables chiens tr\u00e8s affectueux. De ce fait, nous ne pouvons malheureusement pas accepter d'autres chiens ou chats.<\/p>\r\n        <\/div>\r\n\r\n        <div class=\"info-card\">\r\n            <h4>Stationnement & T\u00e9l\u00e9travail<\/h4>\r\n            <p>Parking priv\u00e9 sur place (accueil des motards). Possibilit\u00e9 d'am\u00e9nager un espace d\u00e9di\u00e9 au t\u00e9l\u00e9travail.<\/p>\r\n        <\/div>\r\n    <\/div>\r\n<\/div>\r\n\r\n<div class=\"contact-container\">\r\n    \r\n    <div class=\"contact-details\">\r\n        <h2>Nous contacter<\/h2>\r\n        <p class=\"contact-intro\">\r\n            Une question sur les \u00e9quipements ou les disponibilit\u00e9s ? \r\n            N'h\u00e9sitez pas \u00e0 nous appeler ou \u00e0 nous envoyer un email. \r\n            Nous vous r\u00e9pondrons avec plaisir.\r\n        <\/p>\r\n\r\n        <div class=\"contact-block\">\r\n            <h4>T\u00e9l\u00e9phone<\/h4>\r\n            <p>+33 6 77 88 78 85<\/p>\r\n        <\/div>\r\n\r\n        <div class=\"contact-block\">\r\n            <h4>Email<\/h4>\r\n            <a href=\"mailto:Domaine.encoudon@gmail.com\">domaine.encoudon@gmail.com<\/a>\r\n        <\/div>\r\n\r\n        <div class=\"contact-block\">\r\n            <h4>Adresse<\/h4>\r\n            <p>194 Route des cr\u00eates<br>31590 Gaur\u00e9<\/p>\r\n        <\/div>\r\n    <\/div>\r\n\r\n    <div class=\"map-container\">\r\n        <iframe class=\"map-frame\" \r\n            src=\"https:\/\/www.google.com\/maps\/embed?pb=!1m18!1m12!1m3!1d11553.655588152575!2d1.6438112469703956!3d43.61874367196188!2m3!1f0!2f0!3f0!3m2!1i1024!2i768!4f13.1!3m3!1m2!1s0x12ae9073a98ebbd9%3A0x38992068dd0b2e54!2sDomaine%20en%20Coudon!5e0!3m2!1sfr!2sfr!4v1773247137162!5m2!1sfr!2sfr\" \r\n            allowfullscreen=\"\" \r\n            loading=\"lazy\" \r\n            referrerpolicy=\"no-referrer-when-downgrade\">\r\n        <\/iframe>\r\n    <\/div>\r\n\r\n<\/div>\t\t\t\t<\/div>\n\t\t\t\t\t<\/div>\n\t\t\t\t<\/div>\n\t\t<div class=\"elementor-element elementor-element-0aee240 e-flex e-con-boxed e-con e-parent\" data-id=\"0aee240\" data-element_type=\"container\">\n\t\t\t\t\t<div class=\"e-con-inner\">\n\t\t\t\t<div class=\"elementor-element elementor-element-e7e6b14 elementor-widget elementor-widget-html\" data-id=\"e7e6b14\" data-element_type=\"widget\" data-widget_type=\"html.default\">\n\t\t\t\t\t<style>\r\n    \/* 1. S\u00c9CURIT\u00c9 GLOBALE (A mettre imp\u00e9rativement) *\/\r\n    html, body {\r\n        margin: 0 !important;\r\n        padding: 0 !important;\r\n        overflow-x: hidden; \/* \u00c9vite la barre de d\u00e9filement horizontale *\/\r\n    }\r\n\r\n    \/* STYLE DU FOOTER PIERRE CHAUDE - VERSION \"PLEIN \u00c9CRAN FORC\u00c9\" *\/\r\n    .footer-medium-cols {\r\n        \/* --- TECHNIQUE DE L'\u00c9VASION (BREAKOUT) --- *\/\r\n        \/* Ces lignes forcent le footer \u00e0 prendre toute la largeur de l'\u00e9cran\r\n           m\u00eame s'il est enferm\u00e9 dans un conteneur avec des marges *\/\r\n        width: 100vw; \r\n        position: relative;\r\n        left: 50%;\r\n        right: 50%;\r\n        margin-left: -50vw;\r\n        margin-right: -50vw;\r\n        \r\n        \/* On remonte le footer de 1px ou plus pour \"manger\" l'espace blanc du dessus *\/\r\n        margin-top: -5px !important; \r\n        \r\n        \/* --- DESIGN --- *\/\r\n        box-sizing: border-box; \r\n        background-color: #F4F1EA; \/* Pierre Chaude *\/\r\n        color: #333; \r\n        font-family: 'Lato', sans-serif;\r\n        padding: 40px 50px 20px 50px; \r\n    }\r\n\r\n    .footer-content-row {\r\n        display: flex;\r\n        justify-content: space-between;\r\n        align-items: flex-start;\r\n        flex-wrap: wrap;\r\n        max-width: 1200px; \/* Le contenu reste centr\u00e9 proprement *\/\r\n        margin: 0 auto;\r\n        gap: 20px;\r\n    }\r\n\r\n    .f-col {\r\n        flex: 1;\r\n        min-width: 200px;\r\n    }\r\n\r\n    .f-title {\r\n        font-family: 'Playfair Display', serif;\r\n        font-size: 1.1rem;\r\n        font-weight: bold;\r\n        margin-top: 0;\r\n        margin-bottom: 15px;\r\n        color: #222;\r\n        text-transform: uppercase;\r\n        letter-spacing: 1px;\r\n    }\r\n\r\n    .f-list {\r\n        list-style: none;\r\n        padding: 0;\r\n        margin: 0;\r\n        font-size: 0.9rem;\r\n        line-height: 1.8;\r\n    }\r\n\r\n    .f-link {\r\n        text-decoration: none;\r\n        color: #555;\r\n        transition: color 0.3s, padding-left 0.3s;\r\n    }\r\n\r\n    .f-link:hover {\r\n        color: #E2725B; \r\n        padding-left: 3px;\r\n    }\r\n\r\n    .f-text {\r\n        font-size: 0.9rem;\r\n        line-height: 1.6;\r\n        color: #555;\r\n        margin: 0;\r\n    }\r\n\r\n    .f-copyright {\r\n        margin-top: 30px;\r\n        padding-top: 15px;\r\n        border-top: 1px solid rgba(0,0,0,0.1); \r\n        text-align: center;\r\n        font-size: 0.75rem;\r\n        color: #666;\r\n    }\r\n\r\n    @media (max-width: 768px) {\r\n        .footer-medium-cols { padding: 30px 20px; }\r\n        .footer-content-row { flex-direction: column; gap: 30px; text-align: center; }\r\n        .f-col { width: 100%; }\r\n    }\r\n<\/style>\r\n\r\n<footer class=\"footer-medium-cols\">\r\n    <div class=\"footer-content-row\">\r\n        \r\n        <div class=\"f-col\">\r\n            <h4 class=\"f-title\">Domaine en Coudon<\/h4>\r\n            <p class=\"f-text\">\r\n                G\u00eete de Charme \u00e0 Gaur\u00e9.<br>\r\n                Un lieu unique pour se ressourcer.\r\n            <\/p>\r\n        <\/div>\r\n\r\n        <div class=\"f-col\">\r\n            <h4 class=\"f-title\">Menu<\/h4>\r\n            <ul class=\"f-list\">\r\n                <li><a href=\"https:\/\/domaineencoudon.fr\/\" class=\"f-link\">Accueil<\/a><\/li>\r\n                <li><a href=\"https:\/\/domaineencoudon.fr\/index.php\/photos\" class=\"f-link\">Le G\u00eete & Photos<\/a><\/li>\r\n                <li><a href=\"https:\/\/domaineencoudon.fr\/index.php\/alentours\" class=\"f-link\">Alentours<\/a><\/li>\r\n                <li><a href=\"https:\/\/domaineencoudon.fr\/index.php\/reserver\" class=\"f-link\" style=\"color:#E2725B; font-weight:bold;\">R\u00e9server maintenant<\/a><\/li>\r\n            <\/ul>\r\n        <\/div>\r\n\r\n        <div class=\"f-col\">\r\n            <h4 class=\"f-title\">Contact<\/h4>\r\n            <ul class=\"f-list\">\r\n                <li><span class=\"f-text\">31590 Gaur\u00e9, France<\/span><\/li>\r\n                <li><a href=\"tel:+33600000000\" class=\"f-link\">06 77 88 78 85<\/a><\/li>\r\n                <li><a href=\"mailto:contact@domaineencoudon.fr\" class=\"f-link\">domaine.encoudon@gmail.com<\/a><\/li>\r\n            <\/ul>\r\n        <\/div>\r\n\r\n    <\/div>\r\n\r\n    <div class=\"f-copyright\">\r\n        &copy; 2026 Domaine en Coudon - <a href=\"#\" class=\"f-link\">Mentions L\u00e9gales<\/a>\r\n    <\/div>\r\n<\/footer>\t\t\t\t<\/div>\n\t\t\t\t\t<\/div>\n\t\t\t\t<\/div>\n\t\t\t\t<\/div>\n\t\t","protected":false},"excerpt":{"rendered":"<p>Accueil Le G\u00eete Alentours Contact R\u00e9server Informations pratiques Inclus dans le tarif M\u00e9nage de fin de s\u00e9jour, eau, \u00e9lectricit\u00e9, chauffage, [&hellip;]<\/p>\n","protected":false},"author":1,"featured_media":0,"parent":0,"menu_order":0,"comment_status":"closed","ping_status":"closed","template":"elementor_canvas","meta":{"site-sidebar-layout":"no-sidebar","site-content-layout":"","ast-site-content-layout":"full-width-container","site-content-style":"default","site-sidebar-style":"default","ast-global-header-display":"","ast-banner-title-visibility":"","ast-main-header-display":"","ast-hfb-above-header-display":"","ast-hfb-below-header-display":"","ast-hfb-mobile-header-display":"","site-post-title":"","ast-breadcrumbs-content":"","ast-featured-img":"disabled","footer-sml-layout":"","ast-disable-related-posts":"","theme-transparent-header-meta":"","adv-header-id-meta":"","stick-header-meta":"","header-above-stick-meta":"","header-main-stick-meta":"","header-below-stick-meta":"","astra-migrate-meta-layouts":"default","ast-page-background-enabled":"default","ast-page-background-meta":{"desktop":{"background-color":"var(--ast-global-color-5)","background-image":"","background-repeat":"repeat","background-position":"center center","background-size":"auto","background-attachment":"scroll","background-type":"","background-media":"","overlay-type":"","overlay-color":"","overlay-opacity":"","overlay-gradient":""},"tablet":{"background-color":"","background-image":"","background-repeat":"repeat","background-position":"center center","background-size":"auto","background-attachment":"scroll","background-type":"","background-media":"","overlay-type":"","overlay-color":"","overlay-opacity":"","overlay-gradient":""},"mobile":{"background-color":"","background-image":"","background-repeat":"repeat","background-position":"center center","background-size":"auto","background-attachment":"scroll","background-type":"","background-media":"","overlay-type":"","overlay-color":"","overlay-opacity":"","overlay-gradient":""}},"ast-content-background-meta":{"desktop":{"background-color":"var(--ast-global-color-4)","background-image":"","background-repeat":"repeat","background-position":"center center","background-size":"auto","background-attachment":"scroll","background-type":"","background-media":"","overlay-type":"","overlay-color":"","overlay-opacity":"","overlay-gradient":""},"tablet":{"background-color":"var(--ast-global-color-4)","background-image":"","background-repeat":"repeat","background-position":"center center","background-size":"auto","background-attachment":"scroll","background-type":"","background-media":"","overlay-type":"","overlay-color":"","overlay-opacity":"","overlay-gradient":""},"mobile":{"background-color":"var(--ast-global-color-4)","background-image":"","background-repeat":"repeat","background-position":"center center","background-size":"auto","background-attachment":"scroll","background-type":"","background-media":"","overlay-type":"","overlay-color":"","overlay-opacity":"","overlay-gradient":""}},"footnotes":""},"class_list":["post-18","page","type-page","status-publish","hentry"],"_links":{"self":[{"href":"https:\/\/domaineencoudon.fr\/index.php\/wp-json\/wp\/v2\/pages\/18","targetHints":{"allow":["GET"]}}],"collection":[{"href":"https:\/\/domaineencoudon.fr\/index.php\/wp-json\/wp\/v2\/pages"}],"about":[{"href":"https:\/\/domaineencoudon.fr\/index.php\/wp-json\/wp\/v2\/types\/page"}],"author":[{"embeddable":true,"href":"https:\/\/domaineencoudon.fr\/index.php\/wp-json\/wp\/v2\/users\/1"}],"replies":[{"embeddable":true,"href":"https:\/\/domaineencoudon.fr\/index.php\/wp-json\/wp\/v2\/comments?post=18"}],"version-history":[{"count":70,"href":"https:\/\/domaineencoudon.fr\/index.php\/wp-json\/wp\/v2\/pages\/18\/revisions"}],"predecessor-version":[{"id":597,"href":"https:\/\/domaineencoudon.fr\/index.php\/wp-json\/wp\/v2\/pages\/18\/revisions\/597"}],"wp:attachment":[{"href":"https:\/\/domaineencoudon.fr\/index.php\/wp-json\/wp\/v2\/media?parent=18"}],"curies":[{"name":"wp","href":"https:\/\/api.w.org\/{rel}","templated":true}]}}